{"id":4405,"date":"2017-02-18T21:38:38","date_gmt":"2017-02-18T21:38:38","guid":{"rendered":"https:\/\/lacollita.com\/?page_id=4405"},"modified":"2024-07-23T18:22:24","modified_gmt":"2024-07-23T16:22:24","slug":"allotjament","status":"publish","type":"page","link":"https:\/\/lacollita.com?page_id=4405","title":{"rendered":"Preus i reserves"},"content":{"rendered":"<p><img loading=\"lazy\" decoding=\"async\" class=\"size-full wp-image-4442 alignright\" src=\"https:\/\/lacollita.com\/wp-content\/uploads\/2017\/02\/casa5-e1487498214745.jpg\" alt=\"\" width=\"500\" height=\"375\" border=\"2\" \/><\/p>\n<p>Opcions d&#8217;estada:<\/p>\n<p>-ESTADA LLIURE on la cuina \u00e9s a c\u00e0rrec nostre, amb la modalitat de dormir i esmorzar.<\/p>\n<p>-ESTADA INDEPENDENT, de treball, lleure, turisme, celebraci\u00f3, descans&#8230; On la cuina, menjar i consumibles \u00e9s a c\u00e0rrec vostre.<\/p>\n<p>-ESTADA DE DESCONNEXI\u00d3, TRANQUIL\u00b7LITAT, REGENERACI\u00d3&#8230; Estades de fins a 3 mesos, per a una sola persona. Estades amb dret a cuina.<\/p>\n<p>-ESTADA EMOCIONAL grups de, meditaci\u00f3, ioga, espiritualitat, psicologia&#8230; Es dispose d&#8217;una sala de 66 metres quadrats amb moqueta (consultar condicions).<\/p>\n<p><strong>Tel\u00e8fon:<\/strong>\u00a0608-28-35-71 (Roser &#8211; Joan)<\/p>\n<p><strong>Correu electr\u00f2nic:<\/strong> info(arroba)lacollita.com<\/p>\n<p>Al demanar pressupost, aconsellem donar la m\u00e0xima informaci\u00f3, doncs el preu \u00e9s variable segons temporada, horaris, n\u00famero de dies, habitacions, persones, etc<\/p>\n<p><br \/>\n<\/p>\n<ul>\n<li>No es considera reserva tancada fins haver rebut el justificant de la paga i senyal, entretant la casa estar\u00e0 disponible.<\/li>\n<li>La fian\u00e7a es torna al cap d&#8217;una setmana aproximadament, despr\u00e9s de haver fet la neteja de la casa.<\/li>\n<li>En cas d&#8217;admetre o venir amb animals de companyia, el seu cost \u00e9s de 15 euros per dia i animal.<\/li>\n<li>La casa \u00e9s per al n\u00famero de persones convingut. En cas de variaci\u00f3 en el n\u00famero de persones, cal avisar i el preu tamb\u00e9 varia. Els nens petits i els beb\u00e9s tamb\u00e9 compten com a persones.<\/li>\n<li>La Collita \u00e9s un establiment p\u00fablic, els clients no poden tenir convidats.<\/li>\n<li>Sempre que sigui possible, els fills menors d&#8217;edat dormiran a la mateixa habitaci\u00f3 dels pares.<\/li>\n<li>L&#8217;estada m\u00ednima \u00e9s de 2 nits o m\u00e9s, segons dates o temporada.<\/li>\n<li>Horaris d&#8217;arribar i marxar:\n<ul>\n<li>En cap de setmana: arribar divendres a partir de les 6 de la tarda i marxar diumenge abans de les 6 de la tarda.<\/li>\n<li>En ponts, en cas de venir totes les nits possibles, l&#8217;horari \u00e9s el mateix que un cap de setmana; en cas de no venir totes les nits possibles, el preu va lligat a l&#8217;horari i per tant cal acordar-lo.<\/li>\n<li>En estades m\u00e9s llargues o de vacances, l&#8217;horari l&#8217;arribada i marxar tamb\u00e9 cal acordar-lo.<\/li>\n<\/ul>\n<\/li>\n<li>El preu varia segons temporada i altres molts factors, cal consultar-lo sempre.<\/li>\n<li>Per a racionalitzar l&#8217;\u00fas de l&#8217;aire condicionat i per a no apujar les tarifes generals, considerem el valor del seu consum com a extra;\u00a0 el preu \u00e9s de 0,25 euros kw.<\/li>\n<li>La llar de foc nom\u00e9s es pot encendre a l&#8217;hivern, la llenya est\u00e0 inclosa en el preu, aproximadament 15 kg per dia.<\/li>\n<li>Per a la barbacoa cal portar carb\u00f3 vegetal.<\/li>\n<li>La cafetera \u00e9s de filtre permanent. Per altres opcions cadasc\u00fa se la pot portar.<\/li>\n<li>Cal dur raquetes i pilotes per als jocs.<\/li>\n<li>La roba i el mobiliari de la casa no es pot treure a l&#8217;exterior.<\/li>\n<li>Per a les escombraries hi ha un contenidor verd al creuament del cam\u00ed particular amb la carretera LV-3005, cal portar bosses i dem\u00e9s consumibles, sabons, paper de cuina, paper w-c&#8230; (nosaltres nom\u00e9s en posem pel primer dia o arribada.<\/li>\n<li>No volem conductes inc\u00edviques o de sorolloses borratxeres nocturnes, per respecte al lloc i als ve\u00efns (abstenir-se de contactar-nos).<\/li>\n<li>Ens trobem al camp, amb limitacions i riscos no propis de la ciutat, per tant, cal ser cur\u00f3s i tothom responsable dels seus actes.<\/li>\n<\/ul>\n<p>Cal tenir unes pautes o normes, per\u00f2 totes les reserves es poden personalitzar, segons possibilitats i previ acord; no dubtin en consultar-nos el que calgui.<\/p>\n<p><\/p>\n<p><\/p>\n","protected":false},"excerpt":{"rendered":"<p>Opcions d&#8217;estada: -ESTADA LLIURE on la cuina \u00e9s a c\u00e0rrec nostre, amb la modalitat de dormir i esmorzar. -ESTADA INDEPENDENT, de treball, lleure, turisme, celebraci\u00f3, descans&#8230; On la cuina, menjar i consumibles \u00e9s a c\u00e0rrec vostre. -ESTADA DE DESCONNEXI\u00d3, TRANQUIL\u00b7LITAT, REGENERACI\u00d3&#8230; Estades de fins a 3 mesos, per a una sola persona. Estades amb dret&#8230; <\/p>\n<div class=\"clear\"><\/div>\n<p><a href=\"https:\/\/lacollita.com?page_id=4405\" class=\"excerpt-read-more\">Continue Reading<i class=\"fa fa-long-arrow-right icon-long-arrow-right\"><\/i><\/a><\/p>\n","protected":false},"author":3,"featured_media":4348,"parent":0,"menu_order":0,"comment_status":"closed","ping_status":"closed","template":"","meta":{"footnotes":""},"_links":{"self":[{"href":"https:\/\/lacollita.com\/index.php?rest_route=\/wp\/v2\/pages\/4405"}],"collection":[{"href":"https:\/\/lacollita.com\/index.php?rest_route=\/wp\/v2\/pages"}],"about":[{"href":"https:\/\/lacollita.com\/index.php?rest_route=\/wp\/v2\/types\/page"}],"author":[{"embeddable":true,"href":"https:\/\/lacollita.com\/index.php?rest_route=\/wp\/v2\/users\/3"}],"replies":[{"embeddable":true,"href":"https:\/\/lacollita.com\/index.php?rest_route=%2Fwp%2Fv2%2Fcomments&post=4405"}],"version-history":[{"count":9,"href":"https:\/\/lacollita.com\/index.php?rest_route=\/wp\/v2\/pages\/4405\/revisions"}],"predecessor-version":[{"id":6272,"href":"https:\/\/lacollita.com\/index.php?rest_route=\/wp\/v2\/pages\/4405\/revisions\/6272"}],"wp:featuredmedia":[{"embeddable":true,"href":"https:\/\/lacollita.com\/index.php?rest_route=\/wp\/v2\/media\/4348"}],"wp:attachment":[{"href":"https:\/\/lacollita.com\/index.php?rest_route=%2Fwp%2Fv2%2Fmedia&parent=4405"}],"curies":[{"name":"wp","href":"https:\/\/api.w.org\/{rel}","templated":true}]}}